{"id":4371,"date":"2024-09-02T20:00:21","date_gmt":"2024-09-02T20:00:21","guid":{"rendered":"https:\/\/viacourier.com.do\/?page_id=4371"},"modified":"2024-09-10T15:34:01","modified_gmt":"2024-09-10T15:34:01","slug":"nosotros","status":"publish","type":"page","link":"https:\/\/viacourier.com.do\/index.php\/nosotros\/","title":{"rendered":"Nosotros"},"content":{"rendered":"\t\t<div data-elementor-type=\"wp-page\" data-elementor-id=\"4371\" class=\"elementor elementor-4371\" data-elementor-post-type=\"page\">\n\t\t\t\t<div class=\"elementor-element elementor-element-f2595a2 e-con-full e-flex e-con e-parent\" data-id=\"f2595a2\" data-element_type=\"container\" data-e-type=\"container\" data-settings=\"{&quot;background_background&quot;:&quot;classic&quot;}\">\n\t\t\t\t<\/div>\n\t\t<div class=\"elementor-element elementor-element-89e9697 e-con-full e-flex e-con e-parent\" data-id=\"89e9697\" data-element_type=\"container\" data-e-type=\"container\">\n\t\t<div class=\"elementor-element elementor-element-ba4c4a9 e-con-full e-flex e-con e-child\" data-id=\"ba4c4a9\" data-element_type=\"container\" data-e-type=\"container\">\n\t\t\t\t<div class=\"elementor-element elementor-element-7b4c129 elementor-widget elementor-widget-heading\" data-id=\"7b4c129\" data-element_type=\"widget\" data-e-type=\"widget\" data-widget_type=\"heading.default\">\n\t\t\t\t<div class=\"elementor-widget-container\">\n\t\t\t\t\t<h3 class=\"elementor-heading-title elementor-size-default\">Expertos en Log\u00edstica y Courier desde 1997<\/h3>\t\t\t\t<\/div>\n\t\t\t\t<\/div>\n\t\t\t\t<div class=\"elementor-element elementor-element-e914fee elementor-widget elementor-widget-text-editor\" data-id=\"e914fee\" data-element_type=\"widget\" data-e-type=\"widget\" data-widget_type=\"text-editor.default\">\n\t\t\t\t<div class=\"elementor-widget-container\">\n\t\t\t\t\t\t\t\t\t<p>Romero Shipping Logistics, con m\u00e1s de dos d\u00e9cadas de experiencia en el sector, se ha consolidado como un referente en la gesti\u00f3n aduanal en la Rep\u00fablica Dominicana desde 1997. Como parte de nuestra expansi\u00f3n y compromiso con ofrecer soluciones integrales en log\u00edstica, hemos desarrollado la marca V\u00eda Courier Pack, un servicio dise\u00f1ado para facilitar las compras personales y la importaci\u00f3n de carga de manera eficiente. V\u00eda Courier Pack se beneficia de la experiencia y la infraestructura de Romero Shipping, permitiendo que cada env\u00edo, ya sea una compra personal o un consolidado de mercanc\u00eda, llegue a su destino de manera r\u00e1pida y segura. Nuestro equipo de expertos est\u00e1 comprometido en facilitar cada paso del proceso, desde la consolidaci\u00f3n de la carga hasta la entrega final, garantizando que nuestros clientes puedan enfocarse en el crecimiento de sus negocios con la tranquilidad de que su log\u00edstica est\u00e1 en las mejores manos.<\/p><p>En V\u00eda Courier, entendemos que la clave del \u00e9xito de cualquier negocio radica en una log\u00edstica bien gestionada. Por ello, adem\u00e1s de nuestros servicios de env\u00edo, ofrecemos asesor\u00eda completamente gratuita. Esta asesor\u00eda est\u00e1 dise\u00f1ada especialmente para comerciantes, importadores y emprendedores, quienes pueden beneficiarse de nuestro conocimiento en el \u00e1rea para maximizar sus operaciones y alcanzar nuevos mercados. Nuestro objetivo es ayudar a que cada negocio, sin importar su tama\u00f1o, pueda despegar y crecer de manera sostenida. Con la s\u00f3lida experiencia de Romero Shipping y el innovador servicio de V\u00eda Courier Pack, garantizamos que tu mercanc\u00eda est\u00e9 en las mejores manos, asegurando una cadena de suministro eficiente y libre de complicaciones, permiti\u00e9ndote centrarte en lo que mejor haces: expandir tu negocio y ofrecer un servicio excepcional a tus clientes.<\/p>\t\t\t\t\t\t\t\t<\/div>\n\t\t\t\t<\/div>\n\t\t\t\t<\/div>\n\t\t<div class=\"elementor-element elementor-element-ffffa45 e-con-full e-flex e-con e-child\" data-id=\"ffffa45\" data-element_type=\"container\" data-e-type=\"container\">\n\t\t\t\t<div class=\"elementor-element elementor-element-51577a0 elementor-widget elementor-widget-image\" data-id=\"51577a0\" data-element_type=\"widget\" data-e-type=\"widget\" data-widget_type=\"image.default\">\n\t\t\t\t<div class=\"elementor-widget-container\">\n\t\t\t\t\t\t\t\t\t\t\t\t\t\t\t<img fetchpriority=\"high\" decoding=\"async\" width=\"800\" height=\"534\" src=\"https:\/\/viacourier.com.do\/wp-content\/uploads\/2024\/03\/A7404746-1024x683.webp\" class=\"attachment-large size-large wp-image-3827\" alt=\"\" srcset=\"https:\/\/viacourier.com.do\/wp-content\/uploads\/2024\/03\/A7404746-1024x683.webp 1024w, https:\/\/viacourier.com.do\/wp-content\/uploads\/2024\/03\/A7404746-300x200.webp 300w, https:\/\/viacourier.com.do\/wp-content\/uploads\/2024\/03\/A7404746-768x512.webp 768w, https:\/\/viacourier.com.do\/wp-content\/uploads\/2024\/03\/A7404746-1536x1024.webp 1536w, https:\/\/viacourier.com.do\/wp-content\/uploads\/2024\/03\/A7404746-2048x1365.webp 2048w, https:\/\/viacourier.com.do\/wp-content\/uploads\/2024\/03\/A7404746-1110x740.webp 1110w\" sizes=\"(max-width: 800px) 100vw, 800px\" \/>\t\t\t\t\t\t\t\t\t\t\t\t\t\t\t<\/div>\n\t\t\t\t<\/div>\n\t\t\t\t<\/div>\n\t\t\t\t<\/div>\n\t\t<div class=\"elementor-element elementor-element-2e0f2fb e-flex e-con-boxed e-con e-parent\" data-id=\"2e0f2fb\" data-element_type=\"container\" data-e-type=\"container\" data-settings=\"{&quot;background_background&quot;:&quot;classic&quot;}\">\n\t\t\t\t\t<div class=\"e-con-inner\">\n\t\t<div class=\"elementor-element elementor-element-ac7964c e-con-full e-flex e-con e-child\" data-id=\"ac7964c\" data-element_type=\"container\" data-e-type=\"container\">\n\t\t\t\t<div class=\"elementor-element elementor-element-c2adc88 elementor-widget-mobile__width-initial elementor-widget elementor-widget-image\" data-id=\"c2adc88\" data-element_type=\"widget\" data-e-type=\"widget\" data-widget_type=\"image.default\">\n\t\t\t\t<div class=\"elementor-widget-container\">\n\t\t\t\t\t\t\t\t\t\t\t\t\t\t\t\t<a href=\"https:\/\/www.viacourierpack.com\/index.php?ID=323&#038;OPTIONS=rEGISteR\">\n\t\t\t\t\t\t\t<img decoding=\"async\" width=\"800\" height=\"149\" src=\"https:\/\/viacourier.com.do\/wp-content\/uploads\/2024\/03\/1_2-2-1024x191.png\" class=\"elementor-animation-shrink attachment-large size-large wp-image-3597\" alt=\"\" srcset=\"https:\/\/viacourier.com.do\/wp-content\/uploads\/2024\/03\/1_2-2-1024x191.png 1024w, https:\/\/viacourier.com.do\/wp-content\/uploads\/2024\/03\/1_2-2-300x56.png 300w, https:\/\/viacourier.com.do\/wp-content\/uploads\/2024\/03\/1_2-2-768x143.png 768w, https:\/\/viacourier.com.do\/wp-content\/uploads\/2024\/03\/1_2-2-1536x287.png 1536w, https:\/\/viacourier.com.do\/wp-content\/uploads\/2024\/03\/1_2-2.png 2048w\" sizes=\"(max-width: 800px) 100vw, 800px\" \/>\t\t\t\t\t\t\t\t<\/a>\n\t\t\t\t\t\t\t\t\t\t\t\t\t\t\t<\/div>\n\t\t\t\t<\/div>\n\t\t\t\t<\/div>\n\t\t<div class=\"elementor-element elementor-element-5647d47 e-con-full e-flex e-con e-child\" data-id=\"5647d47\" data-element_type=\"container\" data-e-type=\"container\">\n\t\t\t\t<div class=\"elementor-element elementor-element-5c09c59 elementor-invisible elementor-widget elementor-widget-image\" data-id=\"5c09c59\" data-element_type=\"widget\" data-e-type=\"widget\" data-settings=\"{&quot;_animation&quot;:&quot;zoomIn&quot;}\" data-widget_type=\"image.default\">\n\t\t\t\t<div class=\"elementor-widget-container\">\n\t\t\t\t\t\t\t\t\t\t\t\t\t\t\t<img decoding=\"async\" width=\"800\" height=\"163\" src=\"https:\/\/viacourier.com.do\/wp-content\/uploads\/2024\/03\/1_4-1024x208.png\" class=\"attachment-large size-large wp-image-3596\" alt=\"\" srcset=\"https:\/\/viacourier.com.do\/wp-content\/uploads\/2024\/03\/1_4-1024x208.png 1024w, https:\/\/viacourier.com.do\/wp-content\/uploads\/2024\/03\/1_4-300x61.png 300w, https:\/\/viacourier.com.do\/wp-content\/uploads\/2024\/03\/1_4-768x156.png 768w, https:\/\/viacourier.com.do\/wp-content\/uploads\/2024\/03\/1_4-1536x312.png 1536w, https:\/\/viacourier.com.do\/wp-content\/uploads\/2024\/03\/1_4.png 2048w\" sizes=\"(max-width: 800px) 100vw, 800px\" \/>\t\t\t\t\t\t\t\t\t\t\t\t\t\t\t<\/div>\n\t\t\t\t<\/div>\n\t\t\t\t<\/div>\n\t\t<div class=\"elementor-element elementor-element-1569443 e-con-full e-flex e-con e-child\" data-id=\"1569443\" data-element_type=\"container\" data-e-type=\"container\">\n\t\t\t\t<div class=\"elementor-element elementor-element-204a48d elementor-widget-mobile__width-initial elementor-absolute elementor-hidden-mobile elementor-widget elementor-widget-image\" data-id=\"204a48d\" data-element_type=\"widget\" data-e-type=\"widget\" data-settings=\"{&quot;_position&quot;:&quot;absolute&quot;}\" data-widget_type=\"image.default\">\n\t\t\t\t<div class=\"elementor-widget-container\">\n\t\t\t\t\t\t\t\t\t\t\t\t\t\t\t<img decoding=\"async\" src=\"https:\/\/viacourier.com.do\/wp-content\/uploads\/elementor\/thumbs\/1_3-2-ql64nz6cyc9vfvuq9dr1virixk0xgn996846vp58e0.png\" title=\"1_3-2\" alt=\"1_3-2\" loading=\"lazy\" \/>\t\t\t\t\t\t\t\t\t\t\t\t\t\t\t<\/div>\n\t\t\t\t<\/div>\n\t\t\t\t<\/div>\n\t\t\t\t\t<\/div>\n\t\t\t\t<\/div>\n\t\t\t\t<\/div>\n\t\t","protected":false},"excerpt":{"rendered":"<p>Expertos en Log\u00edstica y Courier desde 1997 Romero Shipping Logistics, con m\u00e1s de dos d\u00e9cadas de experiencia en el sector, se ha consolidado como un referente en la gesti\u00f3n aduanal en la Rep\u00fablica Dominicana desde 1997. Como parte de nuestra expansi\u00f3n y compromiso con ofrecer soluciones integrales en log\u00edstica, hemos desarrollado la marca V\u00eda Courier [&hellip;]<\/p>\n","protected":false},"author":1,"featured_media":0,"parent":0,"menu_order":0,"comment_status":"closed","ping_status":"closed","template":"elementor_header_footer","meta":{"footnotes":""},"class_list":["post-4371","page","type-page","status-publish","hentry"],"jetpack_sharing_enabled":true,"_links":{"self":[{"href":"https:\/\/viacourier.com.do\/index.php\/wp-json\/wp\/v2\/pages\/4371","targetHints":{"allow":["GET"]}}],"collection":[{"href":"https:\/\/viacourier.com.do\/index.php\/wp-json\/wp\/v2\/pages"}],"about":[{"href":"https:\/\/viacourier.com.do\/index.php\/wp-json\/wp\/v2\/types\/page"}],"author":[{"embeddable":true,"href":"https:\/\/viacourier.com.do\/index.php\/wp-json\/wp\/v2\/users\/1"}],"replies":[{"embeddable":true,"href":"https:\/\/viacourier.com.do\/index.php\/wp-json\/wp\/v2\/comments?post=4371"}],"version-history":[{"count":28,"href":"https:\/\/viacourier.com.do\/index.php\/wp-json\/wp\/v2\/pages\/4371\/revisions"}],"predecessor-version":[{"id":4915,"href":"https:\/\/viacourier.com.do\/index.php\/wp-json\/wp\/v2\/pages\/4371\/revisions\/4915"}],"wp:attachment":[{"href":"https:\/\/viacourier.com.do\/index.php\/wp-json\/wp\/v2\/media?parent=4371"}],"curies":[{"name":"wp","href":"https:\/\/api.w.org\/{rel}","templated":true}]}}